{"id":224,"date":"2020-06-01T18:42:16","date_gmt":"2020-06-01T18:42:16","guid":{"rendered":"https:\/\/clmarquitectura.com\/?page_id=224"},"modified":"2026-04-13T12:27:29","modified_gmt":"2026-04-13T12:27:29","slug":"224-2","status":"publish","type":"page","link":"https:\/\/clmarquitectura.com\/","title":{"rendered":""},"content":{"rendered":"\n<h2 class=\"wp-block-heading\">SOBRE NOSOTROS<\/h2>\n\n\n\n<p><br>CLM es un estudio de arquitectura ubicado en Mallorca centrado en la integraci\u00f3n de la arquitectura en el entorno mediterr\u00e1neo.<\/p>\n\n\n\n<p>El estudio se centra en el desarrollo de proyectos de arquitectura, desde el dise\u00f1o arquitect\u00f3nico hasta la finalizaci\u00f3n de la obra.<\/p>\n\n\n\n<p>Trabajamos con un amplio n\u00famero de colaboradores con el fin de realizar una coordinaci\u00f3n integral de todas las fases, tanto gesti\u00f3n como de edificaci\u00f3n.<\/p>\n\n\n\n<p><\/p>\n","protected":false},"excerpt":{"rendered":"<p>SOBRE NOSOTROS CLM es un estudio de arquitectura ubicado en Mallorca centrado en la integraci\u00f3n de la arquitectura en el entorno mediterr\u00e1neo. El estudio se centra en el desarrollo de proyectos de arquitectura, desde el dise\u00f1o arquitect\u00f3nico hasta la finalizaci\u00f3n de la obra. Trabajamos con un amplio n\u00famero de colaboradores con el fin de realizar &hellip; <\/p>\n<p class=\"link-more\"><a href=\"https:\/\/clmarquitectura.com\/\" class=\"more-link\">Continuar leyendo<span class=\"screen-reader-text\"> \u00ab\u00bb<\/span><\/a><\/p>\n","protected":false},"author":1,"featured_media":0,"parent":0,"menu_order":0,"comment_status":"closed","ping_status":"closed","template":"","meta":{"footnotes":""},"class_list":["post-224","page","type-page","status-publish","hentry"],"_links":{"self":[{"href":"https:\/\/clmarquitectura.com\/index.php?rest_route=\/wp\/v2\/pages\/224","targetHints":{"allow":["GET"]}}],"collection":[{"href":"https:\/\/clmarquitectura.com\/index.php?rest_route=\/wp\/v2\/pages"}],"about":[{"href":"https:\/\/clmarquitectura.com\/index.php?rest_route=\/wp\/v2\/types\/page"}],"author":[{"embeddable":true,"href":"https:\/\/clmarquitectura.com\/index.php?rest_route=\/wp\/v2\/users\/1"}],"replies":[{"embeddable":true,"href":"https:\/\/clmarquitectura.com\/index.php?rest_route=%2Fwp%2Fv2%2Fcomments&post=224"}],"version-history":[{"count":5,"href":"https:\/\/clmarquitectura.com\/index.php?rest_route=\/wp\/v2\/pages\/224\/revisions"}],"predecessor-version":[{"id":680,"href":"https:\/\/clmarquitectura.com\/index.php?rest_route=\/wp\/v2\/pages\/224\/revisions\/680"}],"wp:attachment":[{"href":"https:\/\/clmarquitectura.com\/index.php?rest_route=%2Fwp%2Fv2%2Fmedia&parent=224"}],"curies":[{"name":"wp","href":"https:\/\/api.w.org\/{rel}","templated":true}]}}